{"id":20,"date":"2014-02-15T15:57:05","date_gmt":"2014-02-15T13:57:05","guid":{"rendered":"http:\/\/diworks.eu\/?page_id=20"},"modified":"2025-10-22T10:53:51","modified_gmt":"2025-10-22T07:53:51","slug":"toos-olevad-objektid","status":"publish","type":"page","link":"https:\/\/diworks.eu\/?page_id=20","title":{"rendered":"T\u00f6\u00f6s olevad objektid"},"content":{"rendered":"<p style=\"text-align: center;\">Hiiu 42, N\u00f5mme S\u00fcdamekodu<\/p>\n<p style=\"text-align: center;\">(RIS Ehitus O\u00dc)<\/p>\n","protected":false},"excerpt":{"rendered":"<p>Hiiu 42, N\u00f5mme S\u00fcdamekodu (RIS Ehitus O\u00dc) <a class=\"more-link\" href=\"https:\/\/diworks.eu\/?page_id=20\">read more<\/a><\/p>","protected":false},"author":1,"featured_media":0,"parent":0,"menu_order":2,"comment_status":"closed","ping_status":"open","template":"","meta":{"footnotes":""},"_links":{"self":[{"href":"https:\/\/diworks.eu\/index.php?rest_route=\/wp\/v2\/pages\/20"}],"collection":[{"href":"https:\/\/diworks.eu\/index.php?rest_route=\/wp\/v2\/pages"}],"about":[{"href":"https:\/\/diworks.eu\/index.php?rest_route=\/wp\/v2\/types\/page"}],"author":[{"embeddable":true,"href":"https:\/\/diworks.eu\/index.php?rest_route=\/wp\/v2\/users\/1"}],"replies":[{"embeddable":true,"href":"https:\/\/diworks.eu\/index.php?rest_route=%2Fwp%2Fv2%2Fcomments&post=20"}],"version-history":[{"count":50,"href":"https:\/\/diworks.eu\/index.php?rest_route=\/wp\/v2\/pages\/20\/revisions"}],"predecessor-version":[{"id":299,"href":"https:\/\/diworks.eu\/index.php?rest_route=\/wp\/v2\/pages\/20\/revisions\/299"}],"wp:attachment":[{"href":"https:\/\/diworks.eu\/index.php?rest_route=%2Fwp%2Fv2%2Fmedia&parent=20"}],"curies":[{"name":"wp","href":"https:\/\/api.w.org\/{rel}","templated":true}]}}