{"id":253,"date":"2020-09-03T13:04:40","date_gmt":"2020-09-03T10:04:40","guid":{"rendered":"http:\/\/diworks.eu\/?page_id=253"},"modified":"2020-09-04T09:13:29","modified_gmt":"2020-09-04T06:13:29","slug":"noustamine","status":"publish","type":"page","link":"https:\/\/diworks.eu\/?page_id=253","title":{"rendered":"N\u00f5ustamine"},"content":{"rendered":"<p><strong>TUGEVVOOLU ELEKTRIPAIGALDIS<\/strong><\/p>\n<p>Antud teenus suunatud k\u00f5igepealt arendajatele. Samas n\u00f5ustame ka projekteerimis firmasid.<\/p>\n<p>T\u00e4nap\u00e4eval Eestis on \u00fcle palju erinevaid projekteerimis firmasid. \u00dcks on suurem ja tugevam, teine on v\u00e4iksem ja n\u00f5rgem. Stopp, tihti on vastupidi-v\u00e4iksem projekteerimis ettev\u00f5tte suudab teha korralikum projekti, kui suur. Aga tegelikult, mis vahet v\u00e4iksem v\u00f5i suurem ettev\u00f5tte, siht on saada KORRALIKU PROJEKTI. Miks siis seda just vaja arendajatele? Tihti arendaja tellib ise projekti ja ise v\u00f5tab seda projekti vastu, kuid ta tegelikult ei oska hinnata\/kontrollida projekti, kas projekt \u00fcldse vastab normidele, kas selle projekti alusel on v\u00f5imalik ehitada, kas selle projekti alusel on v\u00f5imalik saada \u00d5IGE hind s\u00fcsteemile ja l\u00f5pude l\u00f5puks, kas projekt vastab ENDA\/ARENDAJA soovile?<\/p>\n<p>Mis siin pikalt kirjutada&#8230;.mina Tellijana tahan saada:<\/p>\n<ol>\n<li>Projekt selle tasemel, et ei pea seda \u00fcmber projekteerima ja asi ei ole ainult rahas, vaid ajas&#8230;.<\/li>\n<li>Hind. Pakkujatelt tahan saada korrektne hind, mis juba sisaldab k\u00f5ik vajalikud asjad ja EI SISALDA mitte vajalikud asjad&#8230;.<\/li>\n<li>Tulemus, mis vastab kulutatud ressursidele ja invisteeringutele&#8230;.<\/li>\n<\/ol>\n<p>Meie ei paku ekspertiisi, vaid konsulteerime ja anal\u00fc\u00fcsime. Korralik projekt kergem l\u00e4bib ka ekspertiisi!<\/p>\n<p>Usku meid, me leiame kohad, kus saab optimiseerida kulusid!<\/p>\n<p>Leiame ka vead projektis, mis toovad Teile lisa kulusid, mis saab juba projekti staadiumis k\u00f5rvaldada! N\u00e4itame ja arvutame hinnavahe, mis toovad vead projektis!<\/p>\n<p>K\u00dcSI-AITAME!<\/p>\n","protected":false},"excerpt":{"rendered":"<p>TUGEVVOOLU ELEKTRIPAIGALDIS Antud teenus suunatud k\u00f5igepealt arendajatele. Samas n\u00f5ustame ka projekteerimis firmasid. T\u00e4nap\u00e4eval Eestis on \u00fcle palju erinevaid projekteerimis firmasid. \u00dcks on suurem ja tugevam, teine on v\u00e4iksem ja n\u00f5rgem. Stopp, tihti on vastupidi-v\u00e4iksem projekteerimis ettev\u00f5tte suudab teha korralikum projekti, &hellip; <a class=\"more-link\" href=\"https:\/\/diworks.eu\/?page_id=253\">read more<\/a><\/p>","protected":false},"author":1,"featured_media":0,"parent":0,"menu_order":0,"comment_status":"closed","ping_status":"closed","template":"","meta":{"footnotes":""},"_links":{"self":[{"href":"https:\/\/diworks.eu\/index.php?rest_route=\/wp\/v2\/pages\/253"}],"collection":[{"href":"https:\/\/diworks.eu\/index.php?rest_route=\/wp\/v2\/pages"}],"about":[{"href":"https:\/\/diworks.eu\/index.php?rest_route=\/wp\/v2\/types\/page"}],"author":[{"embeddable":true,"href":"https:\/\/diworks.eu\/index.php?rest_route=\/wp\/v2\/users\/1"}],"replies":[{"embeddable":true,"href":"https:\/\/diworks.eu\/index.php?rest_route=%2Fwp%2Fv2%2Fcomments&post=253"}],"version-history":[{"count":8,"href":"https:\/\/diworks.eu\/index.php?rest_route=\/wp\/v2\/pages\/253\/revisions"}],"predecessor-version":[{"id":263,"href":"https:\/\/diworks.eu\/index.php?rest_route=\/wp\/v2\/pages\/253\/revisions\/263"}],"wp:attachment":[{"href":"https:\/\/diworks.eu\/index.php?rest_route=%2Fwp%2Fv2%2Fmedia&parent=253"}],"curies":[{"name":"wp","href":"https:\/\/api.w.org\/{rel}","templated":true}]}}